{"id":55,"date":"2017-05-11T08:49:11","date_gmt":"2017-05-11T06:49:11","guid":{"rendered":"http:\/\/192.168.198.125\/surs-it\/?page_id=55"},"modified":"2025-09-03T11:47:07","modified_gmt":"2025-09-03T09:47:07","slug":"partner","status":"publish","type":"page","link":"https:\/\/www.surs-it.ch\/index.php\/partner\/","title":{"rendered":"Partner"},"content":{"rendered":"<p>Die surs it ag vertreibt alle g\u00e4ngigen technischen Produkte wie PCs, Zubeh\u00f6r, Telekommunikation Netzwerk\/Server, Software und so weiter.<\/p>\n<p style=\"text-align: left;\"><em><strong>Business Platin Partner<\/strong> sind ausgesuchte Dienstleistungspartner und Experten mit denen Swisscom eine enge Zusammenarbeit pflegt. Sie zeichnen sich durch ihre hervorragende Fachkompetenz im Verkauf, der Beratung, der Installation und Wartung von Swisscom Produkten und L\u00f6sungen aus. Aufgrund regelm\u00e4ssiger Swisscom Weiterbildungen verf\u00fcgen sie \u00fcber umfassende Fachkompetenzen.\u00a0 Business Platin Partner setzen h\u00e4ufig komplexe L\u00f6sungen um und verf\u00fcgen \u00fcber breite Erfahrung mit verschiedensten Swisscom Produkten.<\/em><\/p>\n<p style=\"text-align: left;\"><a href=\"https:\/\/www.swisscom.ch\/kmu-business-partner\" target=\"_blank\" rel=\"noopener\"><img fetchpriority=\"high\" decoding=\"async\" class=\"aligncenter wp-image-197\" src=\"https:\/\/www.surs-it.ch\/wp-content\/uploads\/2017\/05\/Swisscom_Business_Platin-Partner-1024x492.png\" alt=\"\" width=\"354\" height=\"170\" srcset=\"https:\/\/www.surs-it.ch\/wp-content\/uploads\/2017\/05\/Swisscom_Business_Platin-Partner-1024x492.png 1024w, https:\/\/www.surs-it.ch\/wp-content\/uploads\/2017\/05\/Swisscom_Business_Platin-Partner-300x144.png 300w, https:\/\/www.surs-it.ch\/wp-content\/uploads\/2017\/05\/Swisscom_Business_Platin-Partner-768x369.png 768w, https:\/\/www.surs-it.ch\/wp-content\/uploads\/2017\/05\/Swisscom_Business_Platin-Partner.png 1181w\" sizes=\"(max-width: 354px) 100vw, 354px\" \/><\/a><\/p>\n<hr \/>\n<p style=\"text-align: center;\"><a href=\"https:\/\/in-tech-group.ch\" target=\"_blank\" rel=\"noopener\"><img decoding=\"async\" class=\"alignnone size-full wp-image-1066\" src=\"https:\/\/www.surs-it.ch\/wp-content\/uploads\/2025\/06\/intech-Logo-4-Prozent1.png\" alt=\"\" width=\"231\" height=\"60\" \/><\/a><\/p>\n<hr \/>\n<p style=\"text-align: left;\"><a href=\"https:\/\/www.acronis.com\/de-de\/business\/overview\/\" target=\"_blank\" rel=\"noopener\"><img decoding=\"async\" class=\"aligncenter wp-image-642 size-full\" src=\"https:\/\/www.surs-it.ch\/wp-content\/uploads\/2022\/04\/Acronis_gold_service-provider_dark.png\" alt=\"\" width=\"759\" height=\"201\" \/><\/a><\/p>\n<hr \/>\n<p style=\"text-align: left;\"><a href=\"https:\/\/www.trendmicro.com\/de_de\/business.html\" target=\"_blank\" rel=\"noopener\"><img loading=\"lazy\" decoding=\"async\" class=\"aligncenter wp-image-412\" src=\"https:\/\/www.surs-it.ch\/wp-content\/uploads\/2018\/06\/TM_Partner-Program_Bronze_Logo_150331.png\" alt=\"\" width=\"460\" height=\"95\" srcset=\"https:\/\/www.surs-it.ch\/wp-content\/uploads\/2018\/06\/TM_Partner-Program_Bronze_Logo_150331.png 929w, https:\/\/www.surs-it.ch\/wp-content\/uploads\/2018\/06\/TM_Partner-Program_Bronze_Logo_150331-300x62.png 300w, https:\/\/www.surs-it.ch\/wp-content\/uploads\/2018\/06\/TM_Partner-Program_Bronze_Logo_150331-768x159.png 768w\" sizes=\"(max-width: 460px) 100vw, 460px\" \/><\/a><\/p>\n<hr \/>\n<p style=\"text-align: left;\"><a href=\"https:\/\/www.sunrise.ch\/de\/business\/startseite.html\" target=\"_blank\" rel=\"noopener\"><img loading=\"lazy\" decoding=\"async\" class=\"aligncenter wp-image-559\" src=\"https:\/\/www.surs-it.ch\/wp-content\/uploads\/2018\/12\/Logo_Sunrise.png\" alt=\"\" width=\"527\" height=\"134\" srcset=\"https:\/\/www.surs-it.ch\/wp-content\/uploads\/2018\/12\/Logo_Sunrise.png 602w, https:\/\/www.surs-it.ch\/wp-content\/uploads\/2018\/12\/Logo_Sunrise-300x76.png 300w\" sizes=\"(max-width: 527px) 100vw, 527px\" \/><\/a><\/p>\n<hr \/>\n<p style=\"text-align: left;\"><a href=\"https:\/\/quickline.ch\/\" target=\"_blank\" rel=\"noopener\"><img decoding=\"async\" class=\"aligncenter wp-image-559\" src=\"https:\/\/www.surs-it.ch\/wp-content\/uploads\/2023\/04\/Logo_Marktpartner_Silber-scaled.jpg\" alt=\"\" width=\"527\" \/><\/a><\/p>\n<hr \/>\n<p><a href=\"https:\/\/www.axis.com\/de-ch\" target=\"_blank\" rel=\"noopener\"><img loading=\"lazy\" decoding=\"async\" class=\"aligncenter wp-image-547 size-medium\" src=\"https:\/\/www.surs-it.ch\/wp-content\/uploads\/2018\/10\/logo_axis_cpp_authorized_cmyk-300x195.jpg\" alt=\"\" width=\"300\" height=\"195\" srcset=\"https:\/\/www.surs-it.ch\/wp-content\/uploads\/2018\/10\/logo_axis_cpp_authorized_cmyk-300x195.jpg 300w, https:\/\/www.surs-it.ch\/wp-content\/uploads\/2018\/10\/logo_axis_cpp_authorized_cmyk-768x499.jpg 768w, https:\/\/www.surs-it.ch\/wp-content\/uploads\/2018\/10\/logo_axis_cpp_authorized_cmyk-1024x666.jpg 1024w, https:\/\/www.surs-it.ch\/wp-content\/uploads\/2018\/10\/logo_axis_cpp_authorized_cmyk.jpg 1810w\" sizes=\"(max-width: 300px) 100vw, 300px\" \/><\/a><\/p>\n<p><a href=\"https:\/\/www.toshibatec.ch\/\" target=\"_blank\" rel=\"noopener\"><img loading=\"lazy\" decoding=\"async\" class=\"alignnone size-medium wp-image-1333 aligncenter\" src=\"https:\/\/www.surs-it.ch\/wp-content\/uploads\/2025\/09\/Toshiba_logo_PNG_2-300x93.png\" alt=\"\" width=\"300\" height=\"93\" srcset=\"https:\/\/www.surs-it.ch\/wp-content\/uploads\/2025\/09\/Toshiba_logo_PNG_2-300x93.png 300w, https:\/\/www.surs-it.ch\/wp-content\/uploads\/2025\/09\/Toshiba_logo_PNG_2-1024x318.png 1024w, https:\/\/www.surs-it.ch\/wp-content\/uploads\/2025\/09\/Toshiba_logo_PNG_2-768x239.png 768w, https:\/\/www.surs-it.ch\/wp-content\/uploads\/2025\/09\/Toshiba_logo_PNG_2-1536x477.png 1536w, https:\/\/www.surs-it.ch\/wp-content\/uploads\/2025\/09\/Toshiba_logo_PNG_2-2048x636.png 2048w\" sizes=\"(max-width: 300px) 100vw, 300px\" \/><\/a><\/p>\n\n","protected":false},"excerpt":{"rendered":"<p>Die surs it ag vertreibt alle g\u00e4ngigen technischen Produkte wie PCs, Zubeh\u00f6r, Telekommunikation Netzwerk\/Server, Software und so weiter. Business Platin Partner sind ausgesuchte Dienstleistungspartner und Experten mit denen Swisscom eine &#8230;<\/p>\n","protected":false},"author":2,"featured_media":0,"parent":0,"menu_order":0,"comment_status":"closed","ping_status":"closed","template":"","meta":{"_monsterinsights_skip_tracking":false,"_monsterinsights_sitenote_active":false,"_monsterinsights_sitenote_note":"","_monsterinsights_sitenote_category":0,"footnotes":""},"class_list":["post-55","page","type-page","status-publish","hentry"],"yoast_head":"<!-- This site is optimized with the Yoast SEO plugin v27.5 - https:\/\/yoast.com\/product\/yoast-seo-wordpress\/ -->\n<title>Partner - surs it AG<\/title>\n<meta name=\"robots\" content=\"index, follow, max-snippet:-1, max-image-preview:large, max-video-preview:-1\" \/>\n<link rel=\"canonical\" href=\"https:\/\/www.surs-it.ch\/index.php\/partner\/\" \/>\n<meta property=\"og:locale\" content=\"de_DE\" \/>\n<meta property=\"og:type\" content=\"article\" \/>\n<meta property=\"og:title\" content=\"Partner - surs it AG\" \/>\n<meta property=\"og:description\" content=\"Die surs it ag vertreibt alle g\u00e4ngigen technischen Produkte wie PCs, Zubeh\u00f6r, Telekommunikation Netzwerk\/Server, Software und so weiter. Business Platin Partner sind ausgesuchte Dienstleistungspartner und Experten mit denen Swisscom eine ...\" \/>\n<meta property=\"og:url\" content=\"https:\/\/www.surs-it.ch\/index.php\/partner\/\" \/>\n<meta property=\"og:site_name\" content=\"surs it AG\" \/>\n<meta property=\"article:modified_time\" content=\"2025-09-03T09:47:07+00:00\" \/>\n<meta property=\"og:image\" content=\"https:\/\/www.surs-it.ch\/wp-content\/uploads\/2017\/05\/Swisscom_Business_Platin-Partner.png\" \/>\n\t<meta property=\"og:image:width\" content=\"1181\" \/>\n\t<meta property=\"og:image:height\" content=\"567\" \/>\n\t<meta property=\"og:image:type\" content=\"image\/png\" \/>\n<meta name=\"twitter:card\" content=\"summary_large_image\" \/>\n<meta name=\"twitter:label1\" content=\"Gesch\u00e4tzte Lesezeit\" \/>\n\t<meta name=\"twitter:data1\" content=\"3\u00a0Minuten\" \/>\n<script type=\"application\/ld+json\" class=\"yoast-schema-graph\">{\"@context\":\"https:\\\/\\\/schema.org\",\"@graph\":[{\"@type\":\"WebPage\",\"@id\":\"https:\\\/\\\/www.surs-it.ch\\\/index.php\\\/partner\\\/\",\"url\":\"https:\\\/\\\/www.surs-it.ch\\\/index.php\\\/partner\\\/\",\"name\":\"Partner - surs it AG\",\"isPartOf\":{\"@id\":\"https:\\\/\\\/www.surs-it.ch\\\/#website\"},\"primaryImageOfPage\":{\"@id\":\"https:\\\/\\\/www.surs-it.ch\\\/index.php\\\/partner\\\/#primaryimage\"},\"image\":{\"@id\":\"https:\\\/\\\/www.surs-it.ch\\\/index.php\\\/partner\\\/#primaryimage\"},\"thumbnailUrl\":\"https:\\\/\\\/www.surs-it.ch\\\/wp-content\\\/uploads\\\/2017\\\/05\\\/Swisscom_Business_Platin-Partner-1024x492.png\",\"datePublished\":\"2017-05-11T06:49:11+00:00\",\"dateModified\":\"2025-09-03T09:47:07+00:00\",\"breadcrumb\":{\"@id\":\"https:\\\/\\\/www.surs-it.ch\\\/index.php\\\/partner\\\/#breadcrumb\"},\"inLanguage\":\"de-CH\",\"potentialAction\":[{\"@type\":\"ReadAction\",\"target\":[\"https:\\\/\\\/www.surs-it.ch\\\/index.php\\\/partner\\\/\"]}]},{\"@type\":\"ImageObject\",\"inLanguage\":\"de-CH\",\"@id\":\"https:\\\/\\\/www.surs-it.ch\\\/index.php\\\/partner\\\/#primaryimage\",\"url\":\"https:\\\/\\\/www.surs-it.ch\\\/wp-content\\\/uploads\\\/2017\\\/05\\\/Swisscom_Business_Platin-Partner.png\",\"contentUrl\":\"https:\\\/\\\/www.surs-it.ch\\\/wp-content\\\/uploads\\\/2017\\\/05\\\/Swisscom_Business_Platin-Partner.png\",\"width\":1181,\"height\":567},{\"@type\":\"BreadcrumbList\",\"@id\":\"https:\\\/\\\/www.surs-it.ch\\\/index.php\\\/partner\\\/#breadcrumb\",\"itemListElement\":[{\"@type\":\"ListItem\",\"position\":1,\"name\":\"Startseite\",\"item\":\"https:\\\/\\\/www.surs-it.ch\\\/\"},{\"@type\":\"ListItem\",\"position\":2,\"name\":\"Partner\"}]},{\"@type\":\"WebSite\",\"@id\":\"https:\\\/\\\/www.surs-it.ch\\\/#website\",\"url\":\"https:\\\/\\\/www.surs-it.ch\\\/\",\"name\":\"surs it AG\",\"description\":\"informatica e telematica\",\"publisher\":{\"@id\":\"https:\\\/\\\/www.surs-it.ch\\\/#organization\"},\"potentialAction\":[{\"@type\":\"SearchAction\",\"target\":{\"@type\":\"EntryPoint\",\"urlTemplate\":\"https:\\\/\\\/www.surs-it.ch\\\/?s={search_term_string}\"},\"query-input\":{\"@type\":\"PropertyValueSpecification\",\"valueRequired\":true,\"valueName\":\"search_term_string\"}}],\"inLanguage\":\"de-CH\"},{\"@type\":\"Organization\",\"@id\":\"https:\\\/\\\/www.surs-it.ch\\\/#organization\",\"name\":\"surs it AG\",\"url\":\"https:\\\/\\\/www.surs-it.ch\\\/\",\"logo\":{\"@type\":\"ImageObject\",\"inLanguage\":\"de-CH\",\"@id\":\"https:\\\/\\\/www.surs-it.ch\\\/#\\\/schema\\\/logo\\\/image\\\/\",\"url\":\"https:\\\/\\\/www.surs-it.ch\\\/wp-content\\\/uploads\\\/2025\\\/06\\\/mk-sursit-logo-RZ-rgb-low.png\",\"contentUrl\":\"https:\\\/\\\/www.surs-it.ch\\\/wp-content\\\/uploads\\\/2025\\\/06\\\/mk-sursit-logo-RZ-rgb-low.png\",\"width\":1369,\"height\":376,\"caption\":\"surs it AG\"},\"image\":{\"@id\":\"https:\\\/\\\/www.surs-it.ch\\\/#\\\/schema\\\/logo\\\/image\\\/\"}}]}<\/script>\n<!-- \/ Yoast SEO plugin. -->","yoast_head_json":{"title":"Partner - surs it AG","robots":{"index":"index","follow":"follow","max-snippet":"max-snippet:-1","max-image-preview":"max-image-preview:large","max-video-preview":"max-video-preview:-1"},"canonical":"https:\/\/www.surs-it.ch\/index.php\/partner\/","og_locale":"de_DE","og_type":"article","og_title":"Partner - surs it AG","og_description":"Die surs it ag vertreibt alle g\u00e4ngigen technischen Produkte wie PCs, Zubeh\u00f6r, Telekommunikation Netzwerk\/Server, Software und so weiter. Business Platin Partner sind ausgesuchte Dienstleistungspartner und Experten mit denen Swisscom eine ...","og_url":"https:\/\/www.surs-it.ch\/index.php\/partner\/","og_site_name":"surs it AG","article_modified_time":"2025-09-03T09:47:07+00:00","og_image":[{"width":1181,"height":567,"url":"https:\/\/www.surs-it.ch\/wp-content\/uploads\/2017\/05\/Swisscom_Business_Platin-Partner.png","type":"image\/png"}],"twitter_card":"summary_large_image","twitter_misc":{"Gesch\u00e4tzte Lesezeit":"3\u00a0Minuten"},"schema":{"@context":"https:\/\/schema.org","@graph":[{"@type":"WebPage","@id":"https:\/\/www.surs-it.ch\/index.php\/partner\/","url":"https:\/\/www.surs-it.ch\/index.php\/partner\/","name":"Partner - surs it AG","isPartOf":{"@id":"https:\/\/www.surs-it.ch\/#website"},"primaryImageOfPage":{"@id":"https:\/\/www.surs-it.ch\/index.php\/partner\/#primaryimage"},"image":{"@id":"https:\/\/www.surs-it.ch\/index.php\/partner\/#primaryimage"},"thumbnailUrl":"https:\/\/www.surs-it.ch\/wp-content\/uploads\/2017\/05\/Swisscom_Business_Platin-Partner-1024x492.png","datePublished":"2017-05-11T06:49:11+00:00","dateModified":"2025-09-03T09:47:07+00:00","breadcrumb":{"@id":"https:\/\/www.surs-it.ch\/index.php\/partner\/#breadcrumb"},"inLanguage":"de-CH","potentialAction":[{"@type":"ReadAction","target":["https:\/\/www.surs-it.ch\/index.php\/partner\/"]}]},{"@type":"ImageObject","inLanguage":"de-CH","@id":"https:\/\/www.surs-it.ch\/index.php\/partner\/#primaryimage","url":"https:\/\/www.surs-it.ch\/wp-content\/uploads\/2017\/05\/Swisscom_Business_Platin-Partner.png","contentUrl":"https:\/\/www.surs-it.ch\/wp-content\/uploads\/2017\/05\/Swisscom_Business_Platin-Partner.png","width":1181,"height":567},{"@type":"BreadcrumbList","@id":"https:\/\/www.surs-it.ch\/index.php\/partner\/#breadcrumb","itemListElement":[{"@type":"ListItem","position":1,"name":"Startseite","item":"https:\/\/www.surs-it.ch\/"},{"@type":"ListItem","position":2,"name":"Partner"}]},{"@type":"WebSite","@id":"https:\/\/www.surs-it.ch\/#website","url":"https:\/\/www.surs-it.ch\/","name":"surs it AG","description":"informatica e telematica","publisher":{"@id":"https:\/\/www.surs-it.ch\/#organization"},"potentialAction":[{"@type":"SearchAction","target":{"@type":"EntryPoint","urlTemplate":"https:\/\/www.surs-it.ch\/?s={search_term_string}"},"query-input":{"@type":"PropertyValueSpecification","valueRequired":true,"valueName":"search_term_string"}}],"inLanguage":"de-CH"},{"@type":"Organization","@id":"https:\/\/www.surs-it.ch\/#organization","name":"surs it AG","url":"https:\/\/www.surs-it.ch\/","logo":{"@type":"ImageObject","inLanguage":"de-CH","@id":"https:\/\/www.surs-it.ch\/#\/schema\/logo\/image\/","url":"https:\/\/www.surs-it.ch\/wp-content\/uploads\/2025\/06\/mk-sursit-logo-RZ-rgb-low.png","contentUrl":"https:\/\/www.surs-it.ch\/wp-content\/uploads\/2025\/06\/mk-sursit-logo-RZ-rgb-low.png","width":1369,"height":376,"caption":"surs it AG"},"image":{"@id":"https:\/\/www.surs-it.ch\/#\/schema\/logo\/image\/"}}]}},"_links":{"self":[{"href":"https:\/\/www.surs-it.ch\/index.php\/wp-json\/wp\/v2\/pages\/55","targetHints":{"allow":["GET"]}}],"collection":[{"href":"https:\/\/www.surs-it.ch\/index.php\/wp-json\/wp\/v2\/pages"}],"about":[{"href":"https:\/\/www.surs-it.ch\/index.php\/wp-json\/wp\/v2\/types\/page"}],"author":[{"embeddable":true,"href":"https:\/\/www.surs-it.ch\/index.php\/wp-json\/wp\/v2\/users\/2"}],"replies":[{"embeddable":true,"href":"https:\/\/www.surs-it.ch\/index.php\/wp-json\/wp\/v2\/comments?post=55"}],"version-history":[{"count":58,"href":"https:\/\/www.surs-it.ch\/index.php\/wp-json\/wp\/v2\/pages\/55\/revisions"}],"predecessor-version":[{"id":1335,"href":"https:\/\/www.surs-it.ch\/index.php\/wp-json\/wp\/v2\/pages\/55\/revisions\/1335"}],"wp:attachment":[{"href":"https:\/\/www.surs-it.ch\/index.php\/wp-json\/wp\/v2\/media?parent=55"}],"curies":[{"name":"wp","href":"https:\/\/api.w.org\/{rel}","templated":true}]}}